{"id":144,"date":"2024-02-10T13:08:08","date_gmt":"2024-02-10T13:08:08","guid":{"rendered":"https:\/\/www.kirojoel.fi\/?page_id=144"},"modified":"2024-03-14T10:16:46","modified_gmt":"2024-03-14T10:16:46","slug":"ota-yhteytta","status":"publish","type":"page","link":"https:\/\/www.kirojoel.fi\/en\/ota-yhteytta\/","title":{"rendered":"Contact"},"content":{"rendered":"","protected":false},"excerpt":{"rendered":"","protected":false},"author":1,"featured_media":0,"parent":0,"menu_order":0,"comment_status":"closed","ping_status":"closed","template":"template-basic","meta":{"footnotes":""},"yoast_head":"<!-- This site is optimized with the Yoast SEO plugin v23.5 - https:\/\/yoast.com\/wordpress\/plugins\/seo\/ -->\n<title>Ota yhteytt\u00e4 - Kirojoel<\/title>\n<meta name=\"description\" content=\"Ota yhteytt\u00e4 ja varaa ensimm\u00e4inen hoitok\u00e4yntisi jo t\u00e4n\u00e4\u00e4n! Vastaanottoni l\u00f6ytyy Helsingist\u00e4 osoitteesta Kalevankatu 4a.\" \/>\n<meta name=\"robots\" content=\"index, follow, max-snippet:-1, max-image-preview:large, max-video-preview:-1\" \/>\n<link rel=\"canonical\" href=\"https:\/\/www.kirojoel.fi\/en\/ota-yhteytta\/\" \/>\n<meta property=\"og:locale\" content=\"en_GB\" \/>\n<meta property=\"og:type\" content=\"article\" \/>\n<meta property=\"og:title\" content=\"Ota yhteytt\u00e4 - Kirojoel\" \/>\n<meta property=\"og:description\" content=\"Ota yhteytt\u00e4 ja varaa ensimm\u00e4inen hoitok\u00e4yntisi jo t\u00e4n\u00e4\u00e4n! Vastaanottoni l\u00f6ytyy Helsingist\u00e4 osoitteesta Kalevankatu 4a.\" \/>\n<meta property=\"og:url\" content=\"https:\/\/www.kirojoel.fi\/en\/ota-yhteytta\/\" \/>\n<meta property=\"og:site_name\" content=\"Kirojoel\" \/>\n<meta property=\"article:publisher\" content=\"https:\/\/www.facebook.com\/p\/Kiropraktikko-Joel-Alex-Tuominen-100060918715903\" \/>\n<meta property=\"article:modified_time\" content=\"2024-03-14T10:16:46+00:00\" \/>\n<meta property=\"og:image\" content=\"https:\/\/www.kirojoel.fi\/wp-content\/plugins\/gutenverse\/assets\/img\/img-placeholder.jpg\" \/>\n<meta name=\"twitter:card\" content=\"summary_large_image\" \/>\n<meta name=\"twitter:label1\" content=\"Est. reading time\" \/>\n\t<meta name=\"twitter:data1\" content=\"1 minute\" \/>\n<script type=\"application\/ld+json\" class=\"yoast-schema-graph\">{\"@context\":\"https:\/\/schema.org\",\"@graph\":[{\"@type\":\"Article\",\"@id\":\"https:\/\/www.kirojoel.fi\/ota-yhteytta\/#article\",\"isPartOf\":{\"@id\":\"https:\/\/www.kirojoel.fi\/ota-yhteytta\/\"},\"author\":{\"name\":\"admin\",\"@id\":\"https:\/\/www.kirojoel.fi\/#\/schema\/person\/0e9d433f97ba45906c784f424d28e6df\"},\"headline\":\"Ota yhteytt\u00e4\",\"datePublished\":\"2024-02-10T13:08:08+00:00\",\"dateModified\":\"2024-03-14T10:16:46+00:00\",\"mainEntityOfPage\":{\"@id\":\"https:\/\/www.kirojoel.fi\/ota-yhteytta\/\"},\"wordCount\":36,\"publisher\":{\"@id\":\"https:\/\/www.kirojoel.fi\/#organization\"},\"image\":{\"@id\":\"https:\/\/www.kirojoel.fi\/ota-yhteytta\/#primaryimage\"},\"thumbnailUrl\":\"https:\/\/www.kirojoel.fi\/wp-content\/plugins\/gutenverse\/assets\/img\/img-placeholder.jpg\",\"inLanguage\":\"en-GB\"},{\"@type\":[\"WebPage\",\"ContactPage\"],\"@id\":\"https:\/\/www.kirojoel.fi\/ota-yhteytta\/\",\"url\":\"https:\/\/www.kirojoel.fi\/ota-yhteytta\/\",\"name\":\"Ota yhteytt\u00e4 - Kirojoel\",\"isPartOf\":{\"@id\":\"https:\/\/www.kirojoel.fi\/#website\"},\"primaryImageOfPage\":{\"@id\":\"https:\/\/www.kirojoel.fi\/ota-yhteytta\/#primaryimage\"},\"image\":{\"@id\":\"https:\/\/www.kirojoel.fi\/ota-yhteytta\/#primaryimage\"},\"thumbnailUrl\":\"https:\/\/www.kirojoel.fi\/wp-content\/plugins\/gutenverse\/assets\/img\/img-placeholder.jpg\",\"datePublished\":\"2024-02-10T13:08:08+00:00\",\"dateModified\":\"2024-03-14T10:16:46+00:00\",\"description\":\"Ota yhteytt\u00e4 ja varaa ensimm\u00e4inen hoitok\u00e4yntisi jo t\u00e4n\u00e4\u00e4n! Vastaanottoni l\u00f6ytyy Helsingist\u00e4 osoitteesta Kalevankatu 4a.\",\"breadcrumb\":{\"@id\":\"https:\/\/www.kirojoel.fi\/ota-yhteytta\/#breadcrumb\"},\"inLanguage\":\"en-GB\",\"potentialAction\":[{\"@type\":\"ReadAction\",\"target\":[\"https:\/\/www.kirojoel.fi\/ota-yhteytta\/\"]}]},{\"@type\":\"ImageObject\",\"inLanguage\":\"en-GB\",\"@id\":\"https:\/\/www.kirojoel.fi\/ota-yhteytta\/#primaryimage\",\"url\":\"https:\/\/www.kirojoel.fi\/wp-content\/plugins\/gutenverse\/assets\/img\/img-placeholder.jpg\",\"contentUrl\":\"https:\/\/www.kirojoel.fi\/wp-content\/plugins\/gutenverse\/assets\/img\/img-placeholder.jpg\"},{\"@type\":\"BreadcrumbList\",\"@id\":\"https:\/\/www.kirojoel.fi\/ota-yhteytta\/#breadcrumb\",\"itemListElement\":[{\"@type\":\"ListItem\",\"position\":1,\"name\":\"Kirojoel\",\"item\":\"https:\/\/www.kirojoel.fi\/\"},{\"@type\":\"ListItem\",\"position\":2,\"name\":\"Ota yhteytt\u00e4\"}]},{\"@type\":\"WebSite\",\"@id\":\"https:\/\/www.kirojoel.fi\/#website\",\"url\":\"https:\/\/www.kirojoel.fi\/\",\"name\":\"Kirojoel\",\"description\":\"Kiropraktikko Joel-Alex Tuominen\",\"publisher\":{\"@id\":\"https:\/\/www.kirojoel.fi\/#organization\"},\"alternateName\":\"Kiropraktikko Joel Tuominen\",\"potentialAction\":[{\"@type\":\"SearchAction\",\"target\":{\"@type\":\"EntryPoint\",\"urlTemplate\":\"https:\/\/www.kirojoel.fi\/?s={search_term_string}\"},\"query-input\":{\"@type\":\"PropertyValueSpecification\",\"valueRequired\":true,\"valueName\":\"search_term_string\"}}],\"inLanguage\":\"en-GB\"},{\"@type\":\"Organization\",\"@id\":\"https:\/\/www.kirojoel.fi\/#organization\",\"name\":\"Kirojoel\",\"alternateName\":\"Kiropraktikko Joel Tuominen\",\"url\":\"https:\/\/www.kirojoel.fi\/\",\"logo\":{\"@type\":\"ImageObject\",\"inLanguage\":\"en-GB\",\"@id\":\"https:\/\/www.kirojoel.fi\/#\/schema\/logo\/image\/\",\"url\":\"https:\/\/www.kirojoel.fi\/wp-content\/uploads\/2024\/02\/naama1.jpg\",\"contentUrl\":\"https:\/\/www.kirojoel.fi\/wp-content\/uploads\/2024\/02\/naama1.jpg\",\"width\":206,\"height\":206,\"caption\":\"Kirojoel\"},\"image\":{\"@id\":\"https:\/\/www.kirojoel.fi\/#\/schema\/logo\/image\/\"},\"sameAs\":[\"https:\/\/www.facebook.com\/p\/Kiropraktikko-Joel-Alex-Tuominen-100060918715903\",\"https:\/\/www.instagram.com\/kiropraktikkojoel\"]},{\"@type\":\"Person\",\"@id\":\"https:\/\/www.kirojoel.fi\/#\/schema\/person\/0e9d433f97ba45906c784f424d28e6df\",\"name\":\"admin\",\"image\":{\"@type\":\"ImageObject\",\"inLanguage\":\"en-GB\",\"@id\":\"https:\/\/www.kirojoel.fi\/#\/schema\/person\/image\/\",\"url\":\"https:\/\/secure.gravatar.com\/avatar\/3efd2facf45de830ebba5b52e90a3dff?s=96&d=mm&r=g\",\"contentUrl\":\"https:\/\/secure.gravatar.com\/avatar\/3efd2facf45de830ebba5b52e90a3dff?s=96&d=mm&r=g\",\"caption\":\"admin\"},\"sameAs\":[\"http:\/\/www.kirojoel.fi\"],\"url\":\"https:\/\/www.kirojoel.fi\/en\/author\/admin\/\"}]}<\/script>\n<!-- \/ Yoast SEO plugin. -->","yoast_head_json":{"title":"Ota yhteytt\u00e4 - Kirojoel","description":"Ota yhteytt\u00e4 ja varaa ensimm\u00e4inen hoitok\u00e4yntisi jo t\u00e4n\u00e4\u00e4n! Vastaanottoni l\u00f6ytyy Helsingist\u00e4 osoitteesta Kalevankatu 4a.","robots":{"index":"index","follow":"follow","max-snippet":"max-snippet:-1","max-image-preview":"max-image-preview:large","max-video-preview":"max-video-preview:-1"},"canonical":"https:\/\/www.kirojoel.fi\/en\/ota-yhteytta\/","og_locale":"en_GB","og_type":"article","og_title":"Ota yhteytt\u00e4 - Kirojoel","og_description":"Ota yhteytt\u00e4 ja varaa ensimm\u00e4inen hoitok\u00e4yntisi jo t\u00e4n\u00e4\u00e4n! Vastaanottoni l\u00f6ytyy Helsingist\u00e4 osoitteesta Kalevankatu 4a.","og_url":"https:\/\/www.kirojoel.fi\/en\/ota-yhteytta\/","og_site_name":"Kirojoel","article_publisher":"https:\/\/www.facebook.com\/p\/Kiropraktikko-Joel-Alex-Tuominen-100060918715903","article_modified_time":"2024-03-14T10:16:46+00:00","og_image":[{"url":"https:\/\/www.kirojoel.fi\/wp-content\/plugins\/gutenverse\/assets\/img\/img-placeholder.jpg"}],"twitter_card":"summary_large_image","twitter_misc":{"Est. reading time":"1 minute"},"schema":{"@context":"https:\/\/schema.org","@graph":[{"@type":"Article","@id":"https:\/\/www.kirojoel.fi\/ota-yhteytta\/#article","isPartOf":{"@id":"https:\/\/www.kirojoel.fi\/ota-yhteytta\/"},"author":{"name":"admin","@id":"https:\/\/www.kirojoel.fi\/#\/schema\/person\/0e9d433f97ba45906c784f424d28e6df"},"headline":"Ota yhteytt\u00e4","datePublished":"2024-02-10T13:08:08+00:00","dateModified":"2024-03-14T10:16:46+00:00","mainEntityOfPage":{"@id":"https:\/\/www.kirojoel.fi\/ota-yhteytta\/"},"wordCount":36,"publisher":{"@id":"https:\/\/www.kirojoel.fi\/#organization"},"image":{"@id":"https:\/\/www.kirojoel.fi\/ota-yhteytta\/#primaryimage"},"thumbnailUrl":"https:\/\/www.kirojoel.fi\/wp-content\/plugins\/gutenverse\/assets\/img\/img-placeholder.jpg","inLanguage":"en-GB"},{"@type":["WebPage","ContactPage"],"@id":"https:\/\/www.kirojoel.fi\/ota-yhteytta\/","url":"https:\/\/www.kirojoel.fi\/ota-yhteytta\/","name":"Ota yhteytt\u00e4 - Kirojoel","isPartOf":{"@id":"https:\/\/www.kirojoel.fi\/#website"},"primaryImageOfPage":{"@id":"https:\/\/www.kirojoel.fi\/ota-yhteytta\/#primaryimage"},"image":{"@id":"https:\/\/www.kirojoel.fi\/ota-yhteytta\/#primaryimage"},"thumbnailUrl":"https:\/\/www.kirojoel.fi\/wp-content\/plugins\/gutenverse\/assets\/img\/img-placeholder.jpg","datePublished":"2024-02-10T13:08:08+00:00","dateModified":"2024-03-14T10:16:46+00:00","description":"Ota yhteytt\u00e4 ja varaa ensimm\u00e4inen hoitok\u00e4yntisi jo t\u00e4n\u00e4\u00e4n! Vastaanottoni l\u00f6ytyy Helsingist\u00e4 osoitteesta Kalevankatu 4a.","breadcrumb":{"@id":"https:\/\/www.kirojoel.fi\/ota-yhteytta\/#breadcrumb"},"inLanguage":"en-GB","potentialAction":[{"@type":"ReadAction","target":["https:\/\/www.kirojoel.fi\/ota-yhteytta\/"]}]},{"@type":"ImageObject","inLanguage":"en-GB","@id":"https:\/\/www.kirojoel.fi\/ota-yhteytta\/#primaryimage","url":"https:\/\/www.kirojoel.fi\/wp-content\/plugins\/gutenverse\/assets\/img\/img-placeholder.jpg","contentUrl":"https:\/\/www.kirojoel.fi\/wp-content\/plugins\/gutenverse\/assets\/img\/img-placeholder.jpg"},{"@type":"BreadcrumbList","@id":"https:\/\/www.kirojoel.fi\/ota-yhteytta\/#breadcrumb","itemListElement":[{"@type":"ListItem","position":1,"name":"Kirojoel","item":"https:\/\/www.kirojoel.fi\/"},{"@type":"ListItem","position":2,"name":"Ota yhteytt\u00e4"}]},{"@type":"WebSite","@id":"https:\/\/www.kirojoel.fi\/#website","url":"https:\/\/www.kirojoel.fi\/","name":"Kirojoel","description":"Kiropraktikko Joel-Alex Tuominen","publisher":{"@id":"https:\/\/www.kirojoel.fi\/#organization"},"alternateName":"Kiropraktikko Joel Tuominen","potentialAction":[{"@type":"SearchAction","target":{"@type":"EntryPoint","urlTemplate":"https:\/\/www.kirojoel.fi\/?s={search_term_string}"},"query-input":{"@type":"PropertyValueSpecification","valueRequired":true,"valueName":"search_term_string"}}],"inLanguage":"en-GB"},{"@type":"Organization","@id":"https:\/\/www.kirojoel.fi\/#organization","name":"Kirojoel","alternateName":"Kiropraktikko Joel Tuominen","url":"https:\/\/www.kirojoel.fi\/","logo":{"@type":"ImageObject","inLanguage":"en-GB","@id":"https:\/\/www.kirojoel.fi\/#\/schema\/logo\/image\/","url":"https:\/\/www.kirojoel.fi\/wp-content\/uploads\/2024\/02\/naama1.jpg","contentUrl":"https:\/\/www.kirojoel.fi\/wp-content\/uploads\/2024\/02\/naama1.jpg","width":206,"height":206,"caption":"Kirojoel"},"image":{"@id":"https:\/\/www.kirojoel.fi\/#\/schema\/logo\/image\/"},"sameAs":["https:\/\/www.facebook.com\/p\/Kiropraktikko-Joel-Alex-Tuominen-100060918715903","https:\/\/www.instagram.com\/kiropraktikkojoel"]},{"@type":"Person","@id":"https:\/\/www.kirojoel.fi\/#\/schema\/person\/0e9d433f97ba45906c784f424d28e6df","name":"admin","image":{"@type":"ImageObject","inLanguage":"en-GB","@id":"https:\/\/www.kirojoel.fi\/#\/schema\/person\/image\/","url":"https:\/\/secure.gravatar.com\/avatar\/3efd2facf45de830ebba5b52e90a3dff?s=96&d=mm&r=g","contentUrl":"https:\/\/secure.gravatar.com\/avatar\/3efd2facf45de830ebba5b52e90a3dff?s=96&d=mm&r=g","caption":"admin"},"sameAs":["http:\/\/www.kirojoel.fi"],"url":"https:\/\/www.kirojoel.fi\/en\/author\/admin\/"}]}},"_links":{"self":[{"href":"https:\/\/www.kirojoel.fi\/en\/wp-json\/wp\/v2\/pages\/144"}],"collection":[{"href":"https:\/\/www.kirojoel.fi\/en\/wp-json\/wp\/v2\/pages"}],"about":[{"href":"https:\/\/www.kirojoel.fi\/en\/wp-json\/wp\/v2\/types\/page"}],"author":[{"embeddable":true,"href":"https:\/\/www.kirojoel.fi\/en\/wp-json\/wp\/v2\/users\/1"}],"replies":[{"embeddable":true,"href":"https:\/\/www.kirojoel.fi\/en\/wp-json\/wp\/v2\/comments?post=144"}],"version-history":[{"count":57,"href":"https:\/\/www.kirojoel.fi\/en\/wp-json\/wp\/v2\/pages\/144\/revisions"}],"predecessor-version":[{"id":567,"href":"https:\/\/www.kirojoel.fi\/en\/wp-json\/wp\/v2\/pages\/144\/revisions\/567"}],"wp:attachment":[{"href":"https:\/\/www.kirojoel.fi\/en\/wp-json\/wp\/v2\/media?parent=144"}],"curies":[{"name":"wp","href":"https:\/\/api.w.org\/{rel}","templated":true}]}}