{"id":149,"date":"2024-02-10T13:11:06","date_gmt":"2024-02-10T13:11:06","guid":{"rendered":"https:\/\/www.kirojoel.fi\/?page_id=149"},"modified":"2024-10-11T09:33:23","modified_gmt":"2024-10-11T09:33:23","slug":"kiropraktiikka","status":"publish","type":"page","link":"https:\/\/www.kirojoel.fi\/en\/kiropraktiikka\/","title":{"rendered":"Chiropractic"},"content":{"rendered":"","protected":false},"excerpt":{"rendered":"","protected":false},"author":1,"featured_media":0,"parent":0,"menu_order":0,"comment_status":"closed","ping_status":"closed","template":"template-basic","meta":{"footnotes":""},"yoast_head":"<!-- This site is optimized with the Yoast SEO plugin v23.5 - https:\/\/yoast.com\/wordpress\/plugins\/seo\/ -->\n<title>Kiropraktiikka - Kirojoel<\/title>\n<meta name=\"description\" content=\"Kiropraktiikka edist\u00e4\u00e4 terveytt\u00e4 ja hyvinvointia kaikille mm. kivuissa ja s\u00e4ryiss\u00e4 sek\u00e4 leikkausten tai eri operaatioiden toipumisvaiheissa.\" \/>\n<meta name=\"robots\" content=\"index, follow, max-snippet:-1, max-image-preview:large, max-video-preview:-1\" \/>\n<link rel=\"canonical\" href=\"http:\/\/www.kirojoel.fi\/en\/kiropraktiikka\/\" \/>\n<meta property=\"og:locale\" content=\"en_GB\" \/>\n<meta property=\"og:type\" content=\"article\" \/>\n<meta property=\"og:title\" content=\"Kiropraktiikka - Kirojoel\" \/>\n<meta property=\"og:description\" content=\"Kiropraktiikka edist\u00e4\u00e4 terveytt\u00e4 ja hyvinvointia kaikille mm. kivuissa ja s\u00e4ryiss\u00e4 sek\u00e4 leikkausten tai eri operaatioiden toipumisvaiheissa.\" \/>\n<meta property=\"og:url\" content=\"http:\/\/www.kirojoel.fi\/en\/kiropraktiikka\/\" \/>\n<meta property=\"og:site_name\" content=\"Kirojoel\" \/>\n<meta property=\"article:publisher\" content=\"https:\/\/www.facebook.com\/p\/Kiropraktikko-Joel-Alex-Tuominen-100060918715903\" \/>\n<meta property=\"article:modified_time\" content=\"2024-10-11T09:33:23+00:00\" \/>\n<meta property=\"og:image\" content=\"http:\/\/www.kirojoel.fi\/wp-content\/uploads\/2024\/03\/IMG_5552.jpg\" \/>\n<meta name=\"twitter:card\" content=\"summary_large_image\" \/>\n<meta name=\"twitter:label1\" content=\"Est. reading time\" \/>\n\t<meta name=\"twitter:data1\" content=\"2 minutes\" \/>\n<script type=\"application\/ld+json\" class=\"yoast-schema-graph\">{\"@context\":\"https:\/\/schema.org\",\"@graph\":[{\"@type\":\"Article\",\"@id\":\"http:\/\/www.kirojoel.fi\/en\/kiropraktiikka\/#article\",\"isPartOf\":{\"@id\":\"http:\/\/www.kirojoel.fi\/en\/kiropraktiikka\/\"},\"author\":{\"name\":\"admin\",\"@id\":\"https:\/\/www.kirojoel.fi\/#\/schema\/person\/0e9d433f97ba45906c784f424d28e6df\"},\"headline\":\"Kiropraktiikka\",\"datePublished\":\"2024-02-10T13:11:06+00:00\",\"dateModified\":\"2024-10-11T09:33:23+00:00\",\"mainEntityOfPage\":{\"@id\":\"http:\/\/www.kirojoel.fi\/en\/kiropraktiikka\/\"},\"wordCount\":227,\"publisher\":{\"@id\":\"https:\/\/www.kirojoel.fi\/#organization\"},\"image\":{\"@id\":\"http:\/\/www.kirojoel.fi\/en\/kiropraktiikka\/#primaryimage\"},\"thumbnailUrl\":\"http:\/\/www.kirojoel.fi\/wp-content\/uploads\/2024\/03\/IMG_5552.jpg\",\"inLanguage\":\"en-GB\"},{\"@type\":[\"WebPage\",\"AboutPage\"],\"@id\":\"http:\/\/www.kirojoel.fi\/en\/kiropraktiikka\/\",\"url\":\"http:\/\/www.kirojoel.fi\/en\/kiropraktiikka\/\",\"name\":\"Kiropraktiikka - Kirojoel\",\"isPartOf\":{\"@id\":\"https:\/\/www.kirojoel.fi\/#website\"},\"primaryImageOfPage\":{\"@id\":\"http:\/\/www.kirojoel.fi\/en\/kiropraktiikka\/#primaryimage\"},\"image\":{\"@id\":\"http:\/\/www.kirojoel.fi\/en\/kiropraktiikka\/#primaryimage\"},\"thumbnailUrl\":\"http:\/\/www.kirojoel.fi\/wp-content\/uploads\/2024\/03\/IMG_5552.jpg\",\"datePublished\":\"2024-02-10T13:11:06+00:00\",\"dateModified\":\"2024-10-11T09:33:23+00:00\",\"description\":\"Kiropraktiikka edist\u00e4\u00e4 terveytt\u00e4 ja hyvinvointia kaikille mm. kivuissa ja s\u00e4ryiss\u00e4 sek\u00e4 leikkausten tai eri operaatioiden toipumisvaiheissa.\",\"breadcrumb\":{\"@id\":\"http:\/\/www.kirojoel.fi\/en\/kiropraktiikka\/#breadcrumb\"},\"inLanguage\":\"en-GB\",\"potentialAction\":[{\"@type\":\"ReadAction\",\"target\":[\"http:\/\/www.kirojoel.fi\/en\/kiropraktiikka\/\"]}]},{\"@type\":\"ImageObject\",\"inLanguage\":\"en-GB\",\"@id\":\"http:\/\/www.kirojoel.fi\/en\/kiropraktiikka\/#primaryimage\",\"url\":\"http:\/\/www.kirojoel.fi\/wp-content\/uploads\/2024\/03\/IMG_5552.jpg\",\"contentUrl\":\"http:\/\/www.kirojoel.fi\/wp-content\/uploads\/2024\/03\/IMG_5552.jpg\"},{\"@type\":\"BreadcrumbList\",\"@id\":\"http:\/\/www.kirojoel.fi\/en\/kiropraktiikka\/#breadcrumb\",\"itemListElement\":[{\"@type\":\"ListItem\",\"position\":1,\"name\":\"Kirojoel\",\"item\":\"https:\/\/www.kirojoel.fi\/\"},{\"@type\":\"ListItem\",\"position\":2,\"name\":\"Kiropraktiikka\"}]},{\"@type\":\"WebSite\",\"@id\":\"https:\/\/www.kirojoel.fi\/#website\",\"url\":\"https:\/\/www.kirojoel.fi\/\",\"name\":\"Kirojoel\",\"description\":\"Kiropraktikko Joel-Alex Tuominen\",\"publisher\":{\"@id\":\"https:\/\/www.kirojoel.fi\/#organization\"},\"alternateName\":\"Kiropraktikko Joel Tuominen\",\"potentialAction\":[{\"@type\":\"SearchAction\",\"target\":{\"@type\":\"EntryPoint\",\"urlTemplate\":\"https:\/\/www.kirojoel.fi\/?s={search_term_string}\"},\"query-input\":{\"@type\":\"PropertyValueSpecification\",\"valueRequired\":true,\"valueName\":\"search_term_string\"}}],\"inLanguage\":\"en-GB\"},{\"@type\":\"Organization\",\"@id\":\"https:\/\/www.kirojoel.fi\/#organization\",\"name\":\"Kirojoel\",\"alternateName\":\"Kiropraktikko Joel Tuominen\",\"url\":\"https:\/\/www.kirojoel.fi\/\",\"logo\":{\"@type\":\"ImageObject\",\"inLanguage\":\"en-GB\",\"@id\":\"https:\/\/www.kirojoel.fi\/#\/schema\/logo\/image\/\",\"url\":\"https:\/\/www.kirojoel.fi\/wp-content\/uploads\/2024\/02\/naama1.jpg\",\"contentUrl\":\"https:\/\/www.kirojoel.fi\/wp-content\/uploads\/2024\/02\/naama1.jpg\",\"width\":206,\"height\":206,\"caption\":\"Kirojoel\"},\"image\":{\"@id\":\"https:\/\/www.kirojoel.fi\/#\/schema\/logo\/image\/\"},\"sameAs\":[\"https:\/\/www.facebook.com\/p\/Kiropraktikko-Joel-Alex-Tuominen-100060918715903\",\"https:\/\/www.instagram.com\/kiropraktikkojoel\"]},{\"@type\":\"Person\",\"@id\":\"https:\/\/www.kirojoel.fi\/#\/schema\/person\/0e9d433f97ba45906c784f424d28e6df\",\"name\":\"admin\",\"image\":{\"@type\":\"ImageObject\",\"inLanguage\":\"en-GB\",\"@id\":\"https:\/\/www.kirojoel.fi\/#\/schema\/person\/image\/\",\"url\":\"https:\/\/secure.gravatar.com\/avatar\/3efd2facf45de830ebba5b52e90a3dff?s=96&d=mm&r=g\",\"contentUrl\":\"https:\/\/secure.gravatar.com\/avatar\/3efd2facf45de830ebba5b52e90a3dff?s=96&d=mm&r=g\",\"caption\":\"admin\"},\"sameAs\":[\"http:\/\/www.kirojoel.fi\"],\"url\":\"https:\/\/www.kirojoel.fi\/en\/author\/admin\/\"}]}<\/script>\n<!-- \/ Yoast SEO plugin. -->","yoast_head_json":{"title":"Kiropraktiikka - Kirojoel","description":"Kiropraktiikka edist\u00e4\u00e4 terveytt\u00e4 ja hyvinvointia kaikille mm. kivuissa ja s\u00e4ryiss\u00e4 sek\u00e4 leikkausten tai eri operaatioiden toipumisvaiheissa.","robots":{"index":"index","follow":"follow","max-snippet":"max-snippet:-1","max-image-preview":"max-image-preview:large","max-video-preview":"max-video-preview:-1"},"canonical":"http:\/\/www.kirojoel.fi\/en\/kiropraktiikka\/","og_locale":"en_GB","og_type":"article","og_title":"Kiropraktiikka - Kirojoel","og_description":"Kiropraktiikka edist\u00e4\u00e4 terveytt\u00e4 ja hyvinvointia kaikille mm. kivuissa ja s\u00e4ryiss\u00e4 sek\u00e4 leikkausten tai eri operaatioiden toipumisvaiheissa.","og_url":"http:\/\/www.kirojoel.fi\/en\/kiropraktiikka\/","og_site_name":"Kirojoel","article_publisher":"https:\/\/www.facebook.com\/p\/Kiropraktikko-Joel-Alex-Tuominen-100060918715903","article_modified_time":"2024-10-11T09:33:23+00:00","og_image":[{"url":"http:\/\/www.kirojoel.fi\/wp-content\/uploads\/2024\/03\/IMG_5552.jpg"}],"twitter_card":"summary_large_image","twitter_misc":{"Est. reading time":"2 minutes"},"schema":{"@context":"https:\/\/schema.org","@graph":[{"@type":"Article","@id":"http:\/\/www.kirojoel.fi\/en\/kiropraktiikka\/#article","isPartOf":{"@id":"http:\/\/www.kirojoel.fi\/en\/kiropraktiikka\/"},"author":{"name":"admin","@id":"https:\/\/www.kirojoel.fi\/#\/schema\/person\/0e9d433f97ba45906c784f424d28e6df"},"headline":"Kiropraktiikka","datePublished":"2024-02-10T13:11:06+00:00","dateModified":"2024-10-11T09:33:23+00:00","mainEntityOfPage":{"@id":"http:\/\/www.kirojoel.fi\/en\/kiropraktiikka\/"},"wordCount":227,"publisher":{"@id":"https:\/\/www.kirojoel.fi\/#organization"},"image":{"@id":"http:\/\/www.kirojoel.fi\/en\/kiropraktiikka\/#primaryimage"},"thumbnailUrl":"http:\/\/www.kirojoel.fi\/wp-content\/uploads\/2024\/03\/IMG_5552.jpg","inLanguage":"en-GB"},{"@type":["WebPage","AboutPage"],"@id":"http:\/\/www.kirojoel.fi\/en\/kiropraktiikka\/","url":"http:\/\/www.kirojoel.fi\/en\/kiropraktiikka\/","name":"Kiropraktiikka - Kirojoel","isPartOf":{"@id":"https:\/\/www.kirojoel.fi\/#website"},"primaryImageOfPage":{"@id":"http:\/\/www.kirojoel.fi\/en\/kiropraktiikka\/#primaryimage"},"image":{"@id":"http:\/\/www.kirojoel.fi\/en\/kiropraktiikka\/#primaryimage"},"thumbnailUrl":"http:\/\/www.kirojoel.fi\/wp-content\/uploads\/2024\/03\/IMG_5552.jpg","datePublished":"2024-02-10T13:11:06+00:00","dateModified":"2024-10-11T09:33:23+00:00","description":"Kiropraktiikka edist\u00e4\u00e4 terveytt\u00e4 ja hyvinvointia kaikille mm. kivuissa ja s\u00e4ryiss\u00e4 sek\u00e4 leikkausten tai eri operaatioiden toipumisvaiheissa.","breadcrumb":{"@id":"http:\/\/www.kirojoel.fi\/en\/kiropraktiikka\/#breadcrumb"},"inLanguage":"en-GB","potentialAction":[{"@type":"ReadAction","target":["http:\/\/www.kirojoel.fi\/en\/kiropraktiikka\/"]}]},{"@type":"ImageObject","inLanguage":"en-GB","@id":"http:\/\/www.kirojoel.fi\/en\/kiropraktiikka\/#primaryimage","url":"http:\/\/www.kirojoel.fi\/wp-content\/uploads\/2024\/03\/IMG_5552.jpg","contentUrl":"http:\/\/www.kirojoel.fi\/wp-content\/uploads\/2024\/03\/IMG_5552.jpg"},{"@type":"BreadcrumbList","@id":"http:\/\/www.kirojoel.fi\/en\/kiropraktiikka\/#breadcrumb","itemListElement":[{"@type":"ListItem","position":1,"name":"Kirojoel","item":"https:\/\/www.kirojoel.fi\/"},{"@type":"ListItem","position":2,"name":"Kiropraktiikka"}]},{"@type":"WebSite","@id":"https:\/\/www.kirojoel.fi\/#website","url":"https:\/\/www.kirojoel.fi\/","name":"Kirojoel","description":"Kiropraktikko Joel-Alex Tuominen","publisher":{"@id":"https:\/\/www.kirojoel.fi\/#organization"},"alternateName":"Kiropraktikko Joel Tuominen","potentialAction":[{"@type":"SearchAction","target":{"@type":"EntryPoint","urlTemplate":"https:\/\/www.kirojoel.fi\/?s={search_term_string}"},"query-input":{"@type":"PropertyValueSpecification","valueRequired":true,"valueName":"search_term_string"}}],"inLanguage":"en-GB"},{"@type":"Organization","@id":"https:\/\/www.kirojoel.fi\/#organization","name":"Kirojoel","alternateName":"Kiropraktikko Joel Tuominen","url":"https:\/\/www.kirojoel.fi\/","logo":{"@type":"ImageObject","inLanguage":"en-GB","@id":"https:\/\/www.kirojoel.fi\/#\/schema\/logo\/image\/","url":"https:\/\/www.kirojoel.fi\/wp-content\/uploads\/2024\/02\/naama1.jpg","contentUrl":"https:\/\/www.kirojoel.fi\/wp-content\/uploads\/2024\/02\/naama1.jpg","width":206,"height":206,"caption":"Kirojoel"},"image":{"@id":"https:\/\/www.kirojoel.fi\/#\/schema\/logo\/image\/"},"sameAs":["https:\/\/www.facebook.com\/p\/Kiropraktikko-Joel-Alex-Tuominen-100060918715903","https:\/\/www.instagram.com\/kiropraktikkojoel"]},{"@type":"Person","@id":"https:\/\/www.kirojoel.fi\/#\/schema\/person\/0e9d433f97ba45906c784f424d28e6df","name":"admin","image":{"@type":"ImageObject","inLanguage":"en-GB","@id":"https:\/\/www.kirojoel.fi\/#\/schema\/person\/image\/","url":"https:\/\/secure.gravatar.com\/avatar\/3efd2facf45de830ebba5b52e90a3dff?s=96&d=mm&r=g","contentUrl":"https:\/\/secure.gravatar.com\/avatar\/3efd2facf45de830ebba5b52e90a3dff?s=96&d=mm&r=g","caption":"admin"},"sameAs":["http:\/\/www.kirojoel.fi"],"url":"https:\/\/www.kirojoel.fi\/en\/author\/admin\/"}]}},"_links":{"self":[{"href":"https:\/\/www.kirojoel.fi\/en\/wp-json\/wp\/v2\/pages\/149"}],"collection":[{"href":"https:\/\/www.kirojoel.fi\/en\/wp-json\/wp\/v2\/pages"}],"about":[{"href":"https:\/\/www.kirojoel.fi\/en\/wp-json\/wp\/v2\/types\/page"}],"author":[{"embeddable":true,"href":"https:\/\/www.kirojoel.fi\/en\/wp-json\/wp\/v2\/users\/1"}],"replies":[{"embeddable":true,"href":"https:\/\/www.kirojoel.fi\/en\/wp-json\/wp\/v2\/comments?post=149"}],"version-history":[{"count":44,"href":"https:\/\/www.kirojoel.fi\/en\/wp-json\/wp\/v2\/pages\/149\/revisions"}],"predecessor-version":[{"id":553,"href":"https:\/\/www.kirojoel.fi\/en\/wp-json\/wp\/v2\/pages\/149\/revisions\/553"}],"wp:attachment":[{"href":"https:\/\/www.kirojoel.fi\/en\/wp-json\/wp\/v2\/media?parent=149"}],"curies":[{"name":"wp","href":"https:\/\/api.w.org\/{rel}","templated":true}]}}